{"id":463,"date":"2019-06-30T14:34:35","date_gmt":"2019-06-30T12:34:35","guid":{"rendered":"http:\/\/laurentberthelier.com\/?page_id=463"},"modified":"2021-10-07T11:16:00","modified_gmt":"2021-10-07T09:16:00","slug":"amenagements-en-cours","status":"publish","type":"page","link":"https:\/\/laurentberthelier.com\/index.php\/amenagements-en-cours\/","title":{"rendered":"Am\u00e9nagements en cours"},"content":{"rendered":"\n<p class=\"has-text-align-center\" style=\"font-size:24px\">Choix de l&#8217;emplacement, conception g\u00e9n\u00e9rale <\/p>\n\n\n\n<p class=\"has-text-align-center\" style=\"font-size:24px\">et r\u00e9alisation des am\u00e9nagements paysagers d&rsquo;une piscine. <\/p>\n\n\n\n<figure class=\"wp-block-gallery columns-1 is-cropped wp-block-gallery-1 is-layout-flex wp-block-gallery-is-layout-flex\"><ul class=\"blocks-gallery-grid\"><li class=\"blocks-gallery-item\"><figure><img loading=\"lazy\" decoding=\"async\" width=\"1024\" height=\"768\" src=\"https:\/\/laurentberthelier.com\/wp-content\/uploads\/2019\/06\/IMG_3955-1024x768.jpg\" alt=\"\" data-id=\"468\" data-link=\"https:\/\/laurentberthelier.com\/img_3955\/\" class=\"wp-image-468\" srcset=\"https:\/\/laurentberthelier.com\/wp-content\/uploads\/2019\/06\/IMG_3955-1024x768.jpg 1024w, https:\/\/laurentberthelier.com\/wp-content\/uploads\/2019\/06\/IMG_3955-300x225.jpg 300w, https:\/\/laurentberthelier.com\/wp-content\/uploads\/2019\/06\/IMG_3955-768x576.jpg 768w, https:\/\/laurentberthelier.com\/wp-content\/uploads\/2019\/06\/IMG_3955-1200x900.jpg 1200w, https:\/\/laurentberthelier.com\/wp-content\/uploads\/2019\/06\/IMG_3955-600x450.jpg 600w\" sizes=\"auto, (max-width: 1024px) 100vw, 1024px\" \/><\/figure><\/li><li class=\"blocks-gallery-item\"><figure><img loading=\"lazy\" decoding=\"async\" width=\"1024\" height=\"768\" src=\"https:\/\/laurentberthelier.com\/wp-content\/uploads\/2019\/06\/IMG_3950-1024x768.jpg\" alt=\"\" data-id=\"467\" data-link=\"https:\/\/laurentberthelier.com\/img_3950\/\" class=\"wp-image-467\" srcset=\"https:\/\/laurentberthelier.com\/wp-content\/uploads\/2019\/06\/IMG_3950-1024x768.jpg 1024w, https:\/\/laurentberthelier.com\/wp-content\/uploads\/2019\/06\/IMG_3950-300x225.jpg 300w, https:\/\/laurentberthelier.com\/wp-content\/uploads\/2019\/06\/IMG_3950-768x576.jpg 768w, https:\/\/laurentberthelier.com\/wp-content\/uploads\/2019\/06\/IMG_3950-1200x900.jpg 1200w, https:\/\/laurentberthelier.com\/wp-content\/uploads\/2019\/06\/IMG_3950-600x450.jpg 600w\" sizes=\"auto, (max-width: 1024px) 100vw, 1024px\" \/><\/figure><\/li><li class=\"blocks-gallery-item\"><figure><img loading=\"lazy\" decoding=\"async\" width=\"1024\" height=\"768\" src=\"https:\/\/laurentberthelier.com\/wp-content\/uploads\/2019\/06\/IMG_3962-1024x768.jpg\" alt=\"\" data-id=\"469\" data-link=\"https:\/\/laurentberthelier.com\/img_3962\/\" class=\"wp-image-469\" srcset=\"https:\/\/laurentberthelier.com\/wp-content\/uploads\/2019\/06\/IMG_3962-1024x768.jpg 1024w, https:\/\/laurentberthelier.com\/wp-content\/uploads\/2019\/06\/IMG_3962-300x225.jpg 300w, https:\/\/laurentberthelier.com\/wp-content\/uploads\/2019\/06\/IMG_3962-768x576.jpg 768w, https:\/\/laurentberthelier.com\/wp-content\/uploads\/2019\/06\/IMG_3962-1200x900.jpg 1200w, https:\/\/laurentberthelier.com\/wp-content\/uploads\/2019\/06\/IMG_3962-600x450.jpg 600w\" sizes=\"auto, (max-width: 1024px) 100vw, 1024px\" \/><\/figure><\/li><\/ul><\/figure>\n","protected":false},"excerpt":{"rendered":"<p>Choix de l&#8217;emplacement, conception g\u00e9n\u00e9rale et r\u00e9alisation des am\u00e9nagements paysagers d&rsquo;une piscine.<\/p>\n","protected":false},"author":1,"featured_media":0,"parent":0,"menu_order":0,"comment_status":"closed","ping_status":"closed","template":"","meta":{"footnotes":""},"class_list":["post-463","page","type-page","status-publish","hentry"],"_links":{"self":[{"href":"https:\/\/laurentberthelier.com\/index.php\/wp-json\/wp\/v2\/pages\/463","targetHints":{"allow":["GET"]}}],"collection":[{"href":"https:\/\/laurentberthelier.com\/index.php\/wp-json\/wp\/v2\/pages"}],"about":[{"href":"https:\/\/laurentberthelier.com\/index.php\/wp-json\/wp\/v2\/types\/page"}],"author":[{"embeddable":true,"href":"https:\/\/laurentberthelier.com\/index.php\/wp-json\/wp\/v2\/users\/1"}],"replies":[{"embeddable":true,"href":"https:\/\/laurentberthelier.com\/index.php\/wp-json\/wp\/v2\/comments?post=463"}],"version-history":[{"count":15,"href":"https:\/\/laurentberthelier.com\/index.php\/wp-json\/wp\/v2\/pages\/463\/revisions"}],"predecessor-version":[{"id":782,"href":"https:\/\/laurentberthelier.com\/index.php\/wp-json\/wp\/v2\/pages\/463\/revisions\/782"}],"wp:attachment":[{"href":"https:\/\/laurentberthelier.com\/index.php\/wp-json\/wp\/v2\/media?parent=463"}],"curies":[{"name":"wp","href":"https:\/\/api.w.org\/{rel}","templated":true}]}}