{"id":411,"date":"2018-07-26T11:05:30","date_gmt":"2018-07-26T09:05:30","guid":{"rendered":"http:\/\/laurentberthelier.com\/?page_id=411"},"modified":"2018-07-26T11:24:16","modified_gmt":"2018-07-26T09:24:16","slug":"publications-2","status":"publish","type":"page","link":"https:\/\/laurentberthelier.com\/index.php\/publications-2\/","title":{"rendered":"Publications"},"content":{"rendered":"<pre>Livres :\r\n<a href=\"https:\/\/laurentberthelier.com\/index.php\/parcsetjardinssecretsenlimousin\/\">Parcs et jardins secrets en Limousin<\/a>\r\nLes Ardents \u00c9diteurs\r\n<\/pre>\n<pre>Magazines :\r\n<a href=\"https:\/\/laurentberthelier.com\/index.php\/la-demeure-historique-avril-2015\/\">La Demeure Historique\r\nC\u00f4t\u00e9 jardins<\/a>\r\navril 2015\r\n<\/pre>\n","protected":false},"excerpt":{"rendered":"<p>Livres : Parcs et jardins secrets en Limousin Les Ardents \u00c9diteurs Magazines : La Demeure Historique C\u00f4t\u00e9 jardins avril 2015<\/p>\n","protected":false},"author":1,"featured_media":0,"parent":0,"menu_order":0,"comment_status":"closed","ping_status":"closed","template":"","meta":{"footnotes":""},"class_list":["post-411","page","type-page","status-publish","hentry"],"_links":{"self":[{"href":"https:\/\/laurentberthelier.com\/index.php\/wp-json\/wp\/v2\/pages\/411","targetHints":{"allow":["GET"]}}],"collection":[{"href":"https:\/\/laurentberthelier.com\/index.php\/wp-json\/wp\/v2\/pages"}],"about":[{"href":"https:\/\/laurentberthelier.com\/index.php\/wp-json\/wp\/v2\/types\/page"}],"author":[{"embeddable":true,"href":"https:\/\/laurentberthelier.com\/index.php\/wp-json\/wp\/v2\/users\/1"}],"replies":[{"embeddable":true,"href":"https:\/\/laurentberthelier.com\/index.php\/wp-json\/wp\/v2\/comments?post=411"}],"version-history":[{"count":11,"href":"https:\/\/laurentberthelier.com\/index.php\/wp-json\/wp\/v2\/pages\/411\/revisions"}],"predecessor-version":[{"id":435,"href":"https:\/\/laurentberthelier.com\/index.php\/wp-json\/wp\/v2\/pages\/411\/revisions\/435"}],"wp:attachment":[{"href":"https:\/\/laurentberthelier.com\/index.php\/wp-json\/wp\/v2\/media?parent=411"}],"curies":[{"name":"wp","href":"https:\/\/api.w.org\/{rel}","templated":true}]}}