{"id":211,"date":"2017-01-20T11:01:17","date_gmt":"2017-01-20T10:01:17","guid":{"rendered":"http:\/\/laurentberthelier.com\/?page_id=211"},"modified":"2021-06-29T10:25:39","modified_gmt":"2021-06-29T08:25:39","slug":"travaux","status":"publish","type":"page","link":"https:\/\/laurentberthelier.com\/index.php\/travaux\/","title":{"rendered":"Travaux"},"content":{"rendered":"\n<p style=\"font-size:24px\">Quelques \u00e9tapes pour la r\u00e9alisation d&rsquo;un jardin :<\/p>\n\n\n\n<p class=\"has-very-light-gray-background-color has-background\"><\/p>\n\n\n\n<figure class=\"wp-block-gallery columns-3 is-cropped wp-block-gallery-1 is-layout-flex wp-block-gallery-is-layout-flex\"><ul class=\"blocks-gallery-grid\"><li class=\"blocks-gallery-item\"><figure><img loading=\"lazy\" decoding=\"async\" width=\"1024\" height=\"1024\" src=\"https:\/\/laurentberthelier.com\/wp-content\/uploads\/2019\/10\/IMG_1463-1024x1024.jpg\" alt=\"\" data-id=\"557\" data-link=\"https:\/\/laurentberthelier.com\/img_1463\/\" class=\"wp-image-557\" srcset=\"https:\/\/laurentberthelier.com\/wp-content\/uploads\/2019\/10\/IMG_1463-1024x1024.jpg 1024w, https:\/\/laurentberthelier.com\/wp-content\/uploads\/2019\/10\/IMG_1463-150x150.jpg 150w, https:\/\/laurentberthelier.com\/wp-content\/uploads\/2019\/10\/IMG_1463-300x300.jpg 300w, https:\/\/laurentberthelier.com\/wp-content\/uploads\/2019\/10\/IMG_1463-768x768.jpg 768w, https:\/\/laurentberthelier.com\/wp-content\/uploads\/2019\/10\/IMG_1463-1200x1200.jpg 1200w, https:\/\/laurentberthelier.com\/wp-content\/uploads\/2019\/10\/IMG_1463-600x600.jpg 600w\" sizes=\"auto, (max-width: 1024px) 100vw, 1024px\" \/><\/figure><\/li><li class=\"blocks-gallery-item\"><figure><img loading=\"lazy\" decoding=\"async\" width=\"1024\" height=\"768\" src=\"https:\/\/laurentberthelier.com\/wp-content\/uploads\/2019\/10\/IMG_1458-1024x768.jpg\" alt=\"\" data-id=\"536\" data-link=\"https:\/\/laurentberthelier.com\/img_1458\/\" class=\"wp-image-536\" srcset=\"https:\/\/laurentberthelier.com\/wp-content\/uploads\/2019\/10\/IMG_1458-1024x768.jpg 1024w, https:\/\/laurentberthelier.com\/wp-content\/uploads\/2019\/10\/IMG_1458-300x225.jpg 300w, https:\/\/laurentberthelier.com\/wp-content\/uploads\/2019\/10\/IMG_1458-768x576.jpg 768w, https:\/\/laurentberthelier.com\/wp-content\/uploads\/2019\/10\/IMG_1458-1200x900.jpg 1200w, https:\/\/laurentberthelier.com\/wp-content\/uploads\/2019\/10\/IMG_1458-600x450.jpg 600w\" sizes=\"auto, (max-width: 1024px) 100vw, 1024px\" \/><\/figure><\/li><li class=\"blocks-gallery-item\"><figure><img loading=\"lazy\" decoding=\"async\" width=\"1024\" height=\"1024\" src=\"https:\/\/laurentberthelier.com\/wp-content\/uploads\/2019\/10\/IMG_3725-1024x1024.jpg\" alt=\"\" data-id=\"541\" data-link=\"https:\/\/laurentberthelier.com\/img_3725\/\" class=\"wp-image-541\" srcset=\"https:\/\/laurentberthelier.com\/wp-content\/uploads\/2019\/10\/IMG_3725-1024x1024.jpg 1024w, https:\/\/laurentberthelier.com\/wp-content\/uploads\/2019\/10\/IMG_3725-150x150.jpg 150w, https:\/\/laurentberthelier.com\/wp-content\/uploads\/2019\/10\/IMG_3725-300x300.jpg 300w, https:\/\/laurentberthelier.com\/wp-content\/uploads\/2019\/10\/IMG_3725-768x768.jpg 768w, https:\/\/laurentberthelier.com\/wp-content\/uploads\/2019\/10\/IMG_3725-1200x1200.jpg 1200w, https:\/\/laurentberthelier.com\/wp-content\/uploads\/2019\/10\/IMG_3725-600x600.jpg 600w\" sizes=\"auto, (max-width: 1024px) 100vw, 1024px\" \/><\/figure><\/li><li class=\"blocks-gallery-item\"><figure><img loading=\"lazy\" decoding=\"async\" width=\"1024\" height=\"1024\" src=\"https:\/\/laurentberthelier.com\/wp-content\/uploads\/2019\/10\/IMG_3739-1024x1024.jpg\" alt=\"\" data-id=\"542\" data-link=\"https:\/\/laurentberthelier.com\/img_3739\/\" class=\"wp-image-542\" srcset=\"https:\/\/laurentberthelier.com\/wp-content\/uploads\/2019\/10\/IMG_3739-1024x1024.jpg 1024w, https:\/\/laurentberthelier.com\/wp-content\/uploads\/2019\/10\/IMG_3739-150x150.jpg 150w, https:\/\/laurentberthelier.com\/wp-content\/uploads\/2019\/10\/IMG_3739-300x300.jpg 300w, https:\/\/laurentberthelier.com\/wp-content\/uploads\/2019\/10\/IMG_3739-768x768.jpg 768w, https:\/\/laurentberthelier.com\/wp-content\/uploads\/2019\/10\/IMG_3739-1200x1200.jpg 1200w, https:\/\/laurentberthelier.com\/wp-content\/uploads\/2019\/10\/IMG_3739-600x600.jpg 600w\" sizes=\"auto, (max-width: 1024px) 100vw, 1024px\" \/><\/figure><\/li><\/ul><\/figure>\n\n\n\n<h3 class=\"has-text-align-center wp-block-heading\">Abattage et \u00e9lagage<\/h3>\n\n\n\n<p><\/p>\n\n\n\n<p><\/p>\n\n\n\n<p class=\"has-very-light-gray-background-color has-background\"><\/p>\n\n\n\n<figure class=\"wp-block-gallery columns-3 is-cropped wp-block-gallery-2 is-layout-flex wp-block-gallery-is-layout-flex\"><ul class=\"blocks-gallery-grid\"><li class=\"blocks-gallery-item\"><figure><img loading=\"lazy\" decoding=\"async\" width=\"1024\" height=\"768\" src=\"https:\/\/laurentberthelier.com\/wp-content\/uploads\/2019\/10\/IMG_3322-1024x768.jpg\" alt=\"\" data-id=\"540\" data-link=\"https:\/\/laurentberthelier.com\/img_3322\/\" class=\"wp-image-540\" srcset=\"https:\/\/laurentberthelier.com\/wp-content\/uploads\/2019\/10\/IMG_3322-1024x768.jpg 1024w, https:\/\/laurentberthelier.com\/wp-content\/uploads\/2019\/10\/IMG_3322-300x225.jpg 300w, https:\/\/laurentberthelier.com\/wp-content\/uploads\/2019\/10\/IMG_3322-768x576.jpg 768w, https:\/\/laurentberthelier.com\/wp-content\/uploads\/2019\/10\/IMG_3322-1200x900.jpg 1200w, https:\/\/laurentberthelier.com\/wp-content\/uploads\/2019\/10\/IMG_3322-600x450.jpg 600w\" sizes=\"auto, (max-width: 1024px) 100vw, 1024px\" \/><\/figure><\/li><li class=\"blocks-gallery-item\"><figure><img loading=\"lazy\" decoding=\"async\" width=\"1024\" height=\"768\" src=\"https:\/\/laurentberthelier.com\/wp-content\/uploads\/2019\/10\/IMG_1143-1024x768.jpg\" alt=\"\" data-id=\"527\" data-link=\"https:\/\/laurentberthelier.com\/img_1143\/\" class=\"wp-image-527\" srcset=\"https:\/\/laurentberthelier.com\/wp-content\/uploads\/2019\/10\/IMG_1143-1024x768.jpg 1024w, https:\/\/laurentberthelier.com\/wp-content\/uploads\/2019\/10\/IMG_1143-300x225.jpg 300w, https:\/\/laurentberthelier.com\/wp-content\/uploads\/2019\/10\/IMG_1143-768x576.jpg 768w, https:\/\/laurentberthelier.com\/wp-content\/uploads\/2019\/10\/IMG_1143-1200x900.jpg 1200w, https:\/\/laurentberthelier.com\/wp-content\/uploads\/2019\/10\/IMG_1143-600x450.jpg 600w\" sizes=\"auto, (max-width: 1024px) 100vw, 1024px\" \/><\/figure><\/li><li class=\"blocks-gallery-item\"><figure><img loading=\"lazy\" decoding=\"async\" width=\"1024\" height=\"768\" src=\"https:\/\/laurentberthelier.com\/wp-content\/uploads\/2019\/10\/IMG_0939-1024x768.jpg\" alt=\"\" data-id=\"522\" data-link=\"https:\/\/laurentberthelier.com\/img_0939\/\" class=\"wp-image-522\" srcset=\"https:\/\/laurentberthelier.com\/wp-content\/uploads\/2019\/10\/IMG_0939-1024x768.jpg 1024w, https:\/\/laurentberthelier.com\/wp-content\/uploads\/2019\/10\/IMG_0939-300x225.jpg 300w, https:\/\/laurentberthelier.com\/wp-content\/uploads\/2019\/10\/IMG_0939-768x576.jpg 768w, https:\/\/laurentberthelier.com\/wp-content\/uploads\/2019\/10\/IMG_0939-1200x900.jpg 1200w, https:\/\/laurentberthelier.com\/wp-content\/uploads\/2019\/10\/IMG_0939-600x450.jpg 600w\" sizes=\"auto, (max-width: 1024px) 100vw, 1024px\" \/><\/figure><\/li><li class=\"blocks-gallery-item\"><figure><img loading=\"lazy\" decoding=\"async\" width=\"1024\" height=\"768\" src=\"https:\/\/laurentberthelier.com\/wp-content\/uploads\/2019\/10\/IMG_3319-1024x768.jpg\" alt=\"\" data-id=\"539\" data-link=\"https:\/\/laurentberthelier.com\/img_3319\/\" class=\"wp-image-539\" srcset=\"https:\/\/laurentberthelier.com\/wp-content\/uploads\/2019\/10\/IMG_3319-1024x768.jpg 1024w, https:\/\/laurentberthelier.com\/wp-content\/uploads\/2019\/10\/IMG_3319-300x225.jpg 300w, https:\/\/laurentberthelier.com\/wp-content\/uploads\/2019\/10\/IMG_3319-768x576.jpg 768w, https:\/\/laurentberthelier.com\/wp-content\/uploads\/2019\/10\/IMG_3319-1200x900.jpg 1200w, https:\/\/laurentberthelier.com\/wp-content\/uploads\/2019\/10\/IMG_3319-600x450.jpg 600w\" sizes=\"auto, (max-width: 1024px) 100vw, 1024px\" \/><\/figure><\/li><\/ul><\/figure>\n\n\n\n<h3 class=\"has-text-align-center wp-block-heading\">Terrassement<\/h3>\n\n\n\n<p><\/p>\n\n\n\n<p class=\"has-very-light-gray-background-color has-background\"><\/p>\n\n\n\n<figure class=\"wp-block-gallery columns-3 is-cropped wp-block-gallery-3 is-layout-flex wp-block-gallery-is-layout-flex\"><ul class=\"blocks-gallery-grid\"><li class=\"blocks-gallery-item\"><figure><img loading=\"lazy\" decoding=\"async\" width=\"1024\" height=\"768\" src=\"https:\/\/laurentberthelier.com\/wp-content\/uploads\/2019\/10\/IMG_1104-1024x768.jpg\" alt=\"\" data-id=\"526\" data-link=\"https:\/\/laurentberthelier.com\/img_1104\/\" class=\"wp-image-526\" srcset=\"https:\/\/laurentberthelier.com\/wp-content\/uploads\/2019\/10\/IMG_1104-1024x768.jpg 1024w, https:\/\/laurentberthelier.com\/wp-content\/uploads\/2019\/10\/IMG_1104-300x225.jpg 300w, https:\/\/laurentberthelier.com\/wp-content\/uploads\/2019\/10\/IMG_1104-768x576.jpg 768w, https:\/\/laurentberthelier.com\/wp-content\/uploads\/2019\/10\/IMG_1104-1200x900.jpg 1200w, https:\/\/laurentberthelier.com\/wp-content\/uploads\/2019\/10\/IMG_1104-600x450.jpg 600w\" sizes=\"auto, (max-width: 1024px) 100vw, 1024px\" \/><\/figure><\/li><li class=\"blocks-gallery-item\"><figure><img loading=\"lazy\" decoding=\"async\" width=\"1024\" height=\"768\" src=\"https:\/\/laurentberthelier.com\/wp-content\/uploads\/2019\/10\/IMG_1005-1024x768.jpg\" alt=\"\" data-id=\"523\" data-link=\"https:\/\/laurentberthelier.com\/img_1005\/\" class=\"wp-image-523\" srcset=\"https:\/\/laurentberthelier.com\/wp-content\/uploads\/2019\/10\/IMG_1005-1024x768.jpg 1024w, https:\/\/laurentberthelier.com\/wp-content\/uploads\/2019\/10\/IMG_1005-300x225.jpg 300w, https:\/\/laurentberthelier.com\/wp-content\/uploads\/2019\/10\/IMG_1005-768x576.jpg 768w, https:\/\/laurentberthelier.com\/wp-content\/uploads\/2019\/10\/IMG_1005-1200x900.jpg 1200w, https:\/\/laurentberthelier.com\/wp-content\/uploads\/2019\/10\/IMG_1005-600x450.jpg 600w\" sizes=\"auto, (max-width: 1024px) 100vw, 1024px\" \/><\/figure><\/li><li class=\"blocks-gallery-item\"><figure><img loading=\"lazy\" decoding=\"async\" width=\"1024\" height=\"768\" src=\"https:\/\/laurentberthelier.com\/wp-content\/uploads\/2019\/10\/IMG_1096-1024x768.jpg\" alt=\"\" data-id=\"525\" data-link=\"https:\/\/laurentberthelier.com\/img_1096\/\" class=\"wp-image-525\" srcset=\"https:\/\/laurentberthelier.com\/wp-content\/uploads\/2019\/10\/IMG_1096-1024x768.jpg 1024w, https:\/\/laurentberthelier.com\/wp-content\/uploads\/2019\/10\/IMG_1096-300x225.jpg 300w, https:\/\/laurentberthelier.com\/wp-content\/uploads\/2019\/10\/IMG_1096-768x576.jpg 768w, https:\/\/laurentberthelier.com\/wp-content\/uploads\/2019\/10\/IMG_1096-1200x900.jpg 1200w, https:\/\/laurentberthelier.com\/wp-content\/uploads\/2019\/10\/IMG_1096-600x450.jpg 600w\" sizes=\"auto, (max-width: 1024px) 100vw, 1024px\" \/><\/figure><\/li><li class=\"blocks-gallery-item\"><figure><img loading=\"lazy\" decoding=\"async\" width=\"1024\" height=\"768\" src=\"https:\/\/laurentberthelier.com\/wp-content\/uploads\/2019\/10\/IMG_1199-1024x768.jpg\" alt=\"\" data-id=\"535\" data-link=\"https:\/\/laurentberthelier.com\/img_1199\/\" class=\"wp-image-535\" srcset=\"https:\/\/laurentberthelier.com\/wp-content\/uploads\/2019\/10\/IMG_1199-1024x768.jpg 1024w, https:\/\/laurentberthelier.com\/wp-content\/uploads\/2019\/10\/IMG_1199-300x225.jpg 300w, https:\/\/laurentberthelier.com\/wp-content\/uploads\/2019\/10\/IMG_1199-768x576.jpg 768w, https:\/\/laurentberthelier.com\/wp-content\/uploads\/2019\/10\/IMG_1199-1200x900.jpg 1200w, https:\/\/laurentberthelier.com\/wp-content\/uploads\/2019\/10\/IMG_1199-600x450.jpg 600w\" sizes=\"auto, (max-width: 1024px) 100vw, 1024px\" \/><\/figure><\/li><li class=\"blocks-gallery-item\"><figure><img loading=\"lazy\" decoding=\"async\" width=\"1024\" height=\"768\" src=\"https:\/\/laurentberthelier.com\/wp-content\/uploads\/2019\/10\/IMG_1196-1024x768.jpg\" alt=\"\" data-id=\"534\" data-link=\"https:\/\/laurentberthelier.com\/img_1196\/\" class=\"wp-image-534\" srcset=\"https:\/\/laurentberthelier.com\/wp-content\/uploads\/2019\/10\/IMG_1196-1024x768.jpg 1024w, https:\/\/laurentberthelier.com\/wp-content\/uploads\/2019\/10\/IMG_1196-300x225.jpg 300w, https:\/\/laurentberthelier.com\/wp-content\/uploads\/2019\/10\/IMG_1196-768x576.jpg 768w, https:\/\/laurentberthelier.com\/wp-content\/uploads\/2019\/10\/IMG_1196-1200x900.jpg 1200w, https:\/\/laurentberthelier.com\/wp-content\/uploads\/2019\/10\/IMG_1196-600x450.jpg 600w\" sizes=\"auto, (max-width: 1024px) 100vw, 1024px\" \/><\/figure><\/li><li class=\"blocks-gallery-item\"><figure><img loading=\"lazy\" decoding=\"async\" width=\"1024\" height=\"768\" src=\"https:\/\/laurentberthelier.com\/wp-content\/uploads\/2019\/10\/IMG_1159-1024x768.jpg\" alt=\"\" data-id=\"530\" data-link=\"https:\/\/laurentberthelier.com\/img_1159\/\" class=\"wp-image-530\" srcset=\"https:\/\/laurentberthelier.com\/wp-content\/uploads\/2019\/10\/IMG_1159-1024x768.jpg 1024w, https:\/\/laurentberthelier.com\/wp-content\/uploads\/2019\/10\/IMG_1159-300x225.jpg 300w, https:\/\/laurentberthelier.com\/wp-content\/uploads\/2019\/10\/IMG_1159-768x576.jpg 768w, https:\/\/laurentberthelier.com\/wp-content\/uploads\/2019\/10\/IMG_1159-1200x900.jpg 1200w, https:\/\/laurentberthelier.com\/wp-content\/uploads\/2019\/10\/IMG_1159-600x450.jpg 600w\" sizes=\"auto, (max-width: 1024px) 100vw, 1024px\" \/><\/figure><\/li><li class=\"blocks-gallery-item\"><figure><img loading=\"lazy\" decoding=\"async\" width=\"1024\" height=\"768\" src=\"https:\/\/laurentberthelier.com\/wp-content\/uploads\/2019\/10\/IMG_1163-1024x768.jpg\" alt=\"\" data-id=\"532\" data-link=\"https:\/\/laurentberthelier.com\/img_1163\/\" class=\"wp-image-532\" srcset=\"https:\/\/laurentberthelier.com\/wp-content\/uploads\/2019\/10\/IMG_1163-1024x768.jpg 1024w, https:\/\/laurentberthelier.com\/wp-content\/uploads\/2019\/10\/IMG_1163-300x225.jpg 300w, https:\/\/laurentberthelier.com\/wp-content\/uploads\/2019\/10\/IMG_1163-768x576.jpg 768w, https:\/\/laurentberthelier.com\/wp-content\/uploads\/2019\/10\/IMG_1163-1200x900.jpg 1200w, https:\/\/laurentberthelier.com\/wp-content\/uploads\/2019\/10\/IMG_1163-600x450.jpg 600w\" sizes=\"auto, (max-width: 1024px) 100vw, 1024px\" \/><\/figure><\/li><\/ul><\/figure>\n\n\n\n<h3 class=\"has-text-align-center wp-block-heading\">Plantations<\/h3>\n\n\n\n<p><\/p>\n\n\n\n<p class=\"has-very-light-gray-background-color has-background\"><\/p>\n","protected":false},"excerpt":{"rendered":"<p>Quelques \u00e9tapes pour la r\u00e9alisation d&rsquo;un jardin : Abattage et \u00e9lagage Terrassement Plantations<\/p>\n","protected":false},"author":1,"featured_media":542,"parent":0,"menu_order":0,"comment_status":"closed","ping_status":"closed","template":"","meta":{"footnotes":""},"class_list":["post-211","page","type-page","status-publish","has-post-thumbnail","hentry"],"_links":{"self":[{"href":"https:\/\/laurentberthelier.com\/index.php\/wp-json\/wp\/v2\/pages\/211","targetHints":{"allow":["GET"]}}],"collection":[{"href":"https:\/\/laurentberthelier.com\/index.php\/wp-json\/wp\/v2\/pages"}],"about":[{"href":"https:\/\/laurentberthelier.com\/index.php\/wp-json\/wp\/v2\/types\/page"}],"author":[{"embeddable":true,"href":"https:\/\/laurentberthelier.com\/index.php\/wp-json\/wp\/v2\/users\/1"}],"replies":[{"embeddable":true,"href":"https:\/\/laurentberthelier.com\/index.php\/wp-json\/wp\/v2\/comments?post=211"}],"version-history":[{"count":27,"href":"https:\/\/laurentberthelier.com\/index.php\/wp-json\/wp\/v2\/pages\/211\/revisions"}],"predecessor-version":[{"id":720,"href":"https:\/\/laurentberthelier.com\/index.php\/wp-json\/wp\/v2\/pages\/211\/revisions\/720"}],"wp:featuredmedia":[{"embeddable":true,"href":"https:\/\/laurentberthelier.com\/index.php\/wp-json\/wp\/v2\/media\/542"}],"wp:attachment":[{"href":"https:\/\/laurentberthelier.com\/index.php\/wp-json\/wp\/v2\/media?parent=211"}],"curies":[{"name":"wp","href":"https:\/\/api.w.org\/{rel}","templated":true}]}}