{"id":148,"date":"2017-01-11T22:20:26","date_gmt":"2017-01-11T21:20:26","guid":{"rendered":"http:\/\/laurentberthelier.com\/?page_id=148"},"modified":"2021-10-06T10:46:59","modified_gmt":"2021-10-06T08:46:59","slug":"chateau-de-sauveterre","status":"publish","type":"page","link":"https:\/\/laurentberthelier.com\/index.php\/chateau-de-sauveterre\/","title":{"rendered":"Domaine de Sauveterre"},"content":{"rendered":"<p><span style=\"font-family: Avenir Next;\">Situ\u00e9 aux portes de la Sologne, le parc de Sauveterre a re\u00e7u un double h\u00e9ritage : un r\u00e9seau d&rsquo;all\u00e9es cavali\u00e8res, vestiges du parc d&rsquo;un ch\u00e2teau incendi\u00e9 au 18\u00e8me si\u00e8cle, d&rsquo;une part, et, d&rsquo;autre part, une grande all\u00e9e circulaire entourant l&rsquo;\u00e9l\u00e9gante demeure construite au 19\u00e8me si\u00e8cle, une pi\u00e8ce d&rsquo;eau et quelques grands arbres, restes d&rsquo;un parc typique de l&rsquo;\u00e9poque.<\/span><\/p>\n<p><span style=\"font-family: Avenir Next;\">Nous nous effor\u00e7ons de faire mieux dialoguer les deux \u00e9poques, les deux styles, et de redonner lisibilit\u00e9,\u00a0perspective et profondeur, en reconstituant les diff\u00e9rents plans de v\u00e9g\u00e9tation et en replantant les strates inf\u00e9rieures.<\/span><\/p>\n<div id='gallery-1' class='gallery galleryid-148 gallery-columns-2 gallery-size-large'><figure class='gallery-item'>\n\t\t\t<div class='gallery-icon landscape'>\n\t\t\t\t<a href='https:\/\/laurentberthelier.com\/wp-content\/uploads\/2017\/01\/P1040676.jpg'><img loading=\"lazy\" decoding=\"async\" width=\"740\" height=\"555\" src=\"https:\/\/laurentberthelier.com\/wp-content\/uploads\/2017\/01\/P1040676-1024x768.jpg\" class=\"attachment-large size-large\" alt=\"\" srcset=\"https:\/\/laurentberthelier.com\/wp-content\/uploads\/2017\/01\/P1040676-1024x768.jpg 1024w, https:\/\/laurentberthelier.com\/wp-content\/uploads\/2017\/01\/P1040676-300x225.jpg 300w, https:\/\/laurentberthelier.com\/wp-content\/uploads\/2017\/01\/P1040676-768x576.jpg 768w, https:\/\/laurentberthelier.com\/wp-content\/uploads\/2017\/01\/P1040676-1200x900.jpg 1200w, https:\/\/laurentberthelier.com\/wp-content\/uploads\/2017\/01\/P1040676-600x450.jpg 600w\" sizes=\"auto, (max-width: 740px) 100vw, 740px\" \/><\/a>\n\t\t\t<\/div><\/figure><figure class='gallery-item'>\n\t\t\t<div class='gallery-icon landscape'>\n\t\t\t\t<a href='https:\/\/laurentberthelier.com\/wp-content\/uploads\/2017\/01\/P1040636.jpg'><img loading=\"lazy\" decoding=\"async\" width=\"740\" height=\"555\" src=\"https:\/\/laurentberthelier.com\/wp-content\/uploads\/2017\/01\/P1040636-1024x768.jpg\" class=\"attachment-large size-large\" alt=\"\" srcset=\"https:\/\/laurentberthelier.com\/wp-content\/uploads\/2017\/01\/P1040636-1024x768.jpg 1024w, https:\/\/laurentberthelier.com\/wp-content\/uploads\/2017\/01\/P1040636-300x225.jpg 300w, https:\/\/laurentberthelier.com\/wp-content\/uploads\/2017\/01\/P1040636-768x576.jpg 768w, https:\/\/laurentberthelier.com\/wp-content\/uploads\/2017\/01\/P1040636-1200x900.jpg 1200w, https:\/\/laurentberthelier.com\/wp-content\/uploads\/2017\/01\/P1040636-600x450.jpg 600w\" sizes=\"auto, (max-width: 740px) 100vw, 740px\" \/><\/a>\n\t\t\t<\/div><\/figure><figure class='gallery-item'>\n\t\t\t<div class='gallery-icon landscape'>\n\t\t\t\t<a href='https:\/\/laurentberthelier.com\/wp-content\/uploads\/2017\/01\/P1040671.jpg'><img loading=\"lazy\" decoding=\"async\" width=\"740\" height=\"555\" src=\"https:\/\/laurentberthelier.com\/wp-content\/uploads\/2017\/01\/P1040671-1024x768.jpg\" class=\"attachment-large size-large\" alt=\"\" srcset=\"https:\/\/laurentberthelier.com\/wp-content\/uploads\/2017\/01\/P1040671-1024x768.jpg 1024w, https:\/\/laurentberthelier.com\/wp-content\/uploads\/2017\/01\/P1040671-300x225.jpg 300w, https:\/\/laurentberthelier.com\/wp-content\/uploads\/2017\/01\/P1040671-768x576.jpg 768w, https:\/\/laurentberthelier.com\/wp-content\/uploads\/2017\/01\/P1040671-1200x900.jpg 1200w, https:\/\/laurentberthelier.com\/wp-content\/uploads\/2017\/01\/P1040671-600x450.jpg 600w\" sizes=\"auto, (max-width: 740px) 100vw, 740px\" \/><\/a>\n\t\t\t<\/div><\/figure><figure class='gallery-item'>\n\t\t\t<div class='gallery-icon landscape'>\n\t\t\t\t<a href='https:\/\/laurentberthelier.com\/wp-content\/uploads\/2017\/01\/P1040681.jpg'><img loading=\"lazy\" decoding=\"async\" width=\"740\" height=\"555\" src=\"https:\/\/laurentberthelier.com\/wp-content\/uploads\/2017\/01\/P1040681-1024x768.jpg\" class=\"attachment-large size-large\" alt=\"\" srcset=\"https:\/\/laurentberthelier.com\/wp-content\/uploads\/2017\/01\/P1040681-1024x768.jpg 1024w, https:\/\/laurentberthelier.com\/wp-content\/uploads\/2017\/01\/P1040681-300x225.jpg 300w, https:\/\/laurentberthelier.com\/wp-content\/uploads\/2017\/01\/P1040681-768x576.jpg 768w, https:\/\/laurentberthelier.com\/wp-content\/uploads\/2017\/01\/P1040681-1200x900.jpg 1200w, https:\/\/laurentberthelier.com\/wp-content\/uploads\/2017\/01\/P1040681-600x450.jpg 600w\" sizes=\"auto, (max-width: 740px) 100vw, 740px\" \/><\/a>\n\t\t\t<\/div><\/figure><figure class='gallery-item'>\n\t\t\t<div class='gallery-icon landscape'>\n\t\t\t\t<a href='https:\/\/laurentberthelier.com\/wp-content\/uploads\/2017\/01\/P1040641.jpg'><img loading=\"lazy\" decoding=\"async\" width=\"740\" height=\"555\" src=\"https:\/\/laurentberthelier.com\/wp-content\/uploads\/2017\/01\/P1040641-1024x768.jpg\" class=\"attachment-large size-large\" alt=\"\" srcset=\"https:\/\/laurentberthelier.com\/wp-content\/uploads\/2017\/01\/P1040641-1024x768.jpg 1024w, https:\/\/laurentberthelier.com\/wp-content\/uploads\/2017\/01\/P1040641-300x225.jpg 300w, https:\/\/laurentberthelier.com\/wp-content\/uploads\/2017\/01\/P1040641-768x576.jpg 768w, https:\/\/laurentberthelier.com\/wp-content\/uploads\/2017\/01\/P1040641-1200x900.jpg 1200w, https:\/\/laurentberthelier.com\/wp-content\/uploads\/2017\/01\/P1040641-600x450.jpg 600w\" sizes=\"auto, (max-width: 740px) 100vw, 740px\" \/><\/a>\n\t\t\t<\/div><\/figure><figure class='gallery-item'>\n\t\t\t<div class='gallery-icon landscape'>\n\t\t\t\t<a href='https:\/\/laurentberthelier.com\/wp-content\/uploads\/2017\/01\/P1040672.jpg'><img loading=\"lazy\" decoding=\"async\" width=\"740\" height=\"555\" src=\"https:\/\/laurentberthelier.com\/wp-content\/uploads\/2017\/01\/P1040672-1024x768.jpg\" class=\"attachment-large size-large\" alt=\"\" srcset=\"https:\/\/laurentberthelier.com\/wp-content\/uploads\/2017\/01\/P1040672-1024x768.jpg 1024w, https:\/\/laurentberthelier.com\/wp-content\/uploads\/2017\/01\/P1040672-300x225.jpg 300w, https:\/\/laurentberthelier.com\/wp-content\/uploads\/2017\/01\/P1040672-768x576.jpg 768w, https:\/\/laurentberthelier.com\/wp-content\/uploads\/2017\/01\/P1040672-1200x900.jpg 1200w, https:\/\/laurentberthelier.com\/wp-content\/uploads\/2017\/01\/P1040672-600x450.jpg 600w\" sizes=\"auto, (max-width: 740px) 100vw, 740px\" \/><\/a>\n\t\t\t<\/div><\/figure>\n\t\t<\/div>\n\n<h2 style=\"text-align: right;\"><a href=\"https:\/\/laurentberthelier.com\/index.php\/jardin\/\">\u2190 Jardins<\/a><\/h2>\n","protected":false},"excerpt":{"rendered":"<p>Situ\u00e9 aux portes de la Sologne, le parc de Sauveterre a re\u00e7u un double h\u00e9ritage : un r\u00e9seau d&rsquo;all\u00e9es cavali\u00e8res, vestiges du parc d&rsquo;un ch\u00e2teau incendi\u00e9 au 18\u00e8me si\u00e8cle, d&rsquo;une part, et, d&rsquo;autre part, une grande all\u00e9e circulaire entourant l&rsquo;\u00e9l\u00e9gante demeure construite au 19\u00e8me si\u00e8cle, une pi\u00e8ce d&rsquo;eau et quelques grands arbres, restes d&rsquo;un parc &hellip; <a class=\"more-link\" href=\"https:\/\/laurentberthelier.com\/index.php\/chateau-de-sauveterre\/\">Read More &rarr;<\/a><\/p>\n","protected":false},"author":1,"featured_media":0,"parent":0,"menu_order":0,"comment_status":"closed","ping_status":"closed","template":"","meta":{"footnotes":""},"class_list":["post-148","page","type-page","status-publish","hentry"],"_links":{"self":[{"href":"https:\/\/laurentberthelier.com\/index.php\/wp-json\/wp\/v2\/pages\/148","targetHints":{"allow":["GET"]}}],"collection":[{"href":"https:\/\/laurentberthelier.com\/index.php\/wp-json\/wp\/v2\/pages"}],"about":[{"href":"https:\/\/laurentberthelier.com\/index.php\/wp-json\/wp\/v2\/types\/page"}],"author":[{"embeddable":true,"href":"https:\/\/laurentberthelier.com\/index.php\/wp-json\/wp\/v2\/users\/1"}],"replies":[{"embeddable":true,"href":"https:\/\/laurentberthelier.com\/index.php\/wp-json\/wp\/v2\/comments?post=148"}],"version-history":[{"count":21,"href":"https:\/\/laurentberthelier.com\/index.php\/wp-json\/wp\/v2\/pages\/148\/revisions"}],"predecessor-version":[{"id":446,"href":"https:\/\/laurentberthelier.com\/index.php\/wp-json\/wp\/v2\/pages\/148\/revisions\/446"}],"wp:attachment":[{"href":"https:\/\/laurentberthelier.com\/index.php\/wp-json\/wp\/v2\/media?parent=148"}],"curies":[{"name":"wp","href":"https:\/\/api.w.org\/{rel}","templated":true}]}}