{"id":147,"date":"2017-01-11T22:20:07","date_gmt":"2017-01-11T21:20:07","guid":{"rendered":"http:\/\/laurentberthelier.com\/?page_id=147"},"modified":"2021-10-06T10:47:44","modified_gmt":"2021-10-06T08:47:44","slug":"arboretum-de-neuvic-dussel","status":"publish","type":"page","link":"https:\/\/laurentberthelier.com\/index.php\/arboretum-de-neuvic-dussel\/","title":{"rendered":"Arboretum de Neuvic d&rsquo;Ussel"},"content":{"rendered":"<p><strong><em><span style=\"font-family: Avenir Next;\">Jardin Remarquable<\/span><\/em><\/strong><\/p>\n<p><span style=\"font-family: Avenir Next;\">Cr\u00e9\u00e9 au 19\u00e8me si\u00e8cle, l&rsquo;arboretum de Neuvic a fait l&rsquo;objet d&rsquo;une restauration depuis 2006 visant \u00e0 renouer avec l&rsquo;esprit qui a pr\u00e9sid\u00e9 \u00e0 sa cr\u00e9ation. Il a fallu retrouver le dessin des all\u00e9es originelles, r\u00e9duire les erreurs de plantation du 20\u00e8me si\u00e8cle et planter avec la recherche curieuse du 19\u00e8me.<\/span><\/p>\n<div id='gallery-1' class='gallery galleryid-147 gallery-columns-2 gallery-size-large'><figure class='gallery-item'>\n\t\t\t<div class='gallery-icon landscape'>\n\t\t\t\t<a href='https:\/\/laurentberthelier.com\/wp-content\/uploads\/2017\/01\/P1030906.jpg'><img loading=\"lazy\" decoding=\"async\" width=\"740\" height=\"555\" src=\"https:\/\/laurentberthelier.com\/wp-content\/uploads\/2017\/01\/P1030906-1024x768.jpg\" class=\"attachment-large size-large\" alt=\"\" srcset=\"https:\/\/laurentberthelier.com\/wp-content\/uploads\/2017\/01\/P1030906-1024x768.jpg 1024w, https:\/\/laurentberthelier.com\/wp-content\/uploads\/2017\/01\/P1030906-300x225.jpg 300w, https:\/\/laurentberthelier.com\/wp-content\/uploads\/2017\/01\/P1030906-768x576.jpg 768w, https:\/\/laurentberthelier.com\/wp-content\/uploads\/2017\/01\/P1030906-1200x900.jpg 1200w, https:\/\/laurentberthelier.com\/wp-content\/uploads\/2017\/01\/P1030906-600x450.jpg 600w\" sizes=\"auto, (max-width: 740px) 100vw, 740px\" \/><\/a>\n\t\t\t<\/div><\/figure><figure class='gallery-item'>\n\t\t\t<div class='gallery-icon landscape'>\n\t\t\t\t<a href='https:\/\/laurentberthelier.com\/wp-content\/uploads\/2017\/01\/30102016-DSC09511.jpg'><img loading=\"lazy\" decoding=\"async\" width=\"740\" height=\"495\" src=\"https:\/\/laurentberthelier.com\/wp-content\/uploads\/2017\/01\/30102016-DSC09511-1024x685.jpg\" class=\"attachment-large size-large\" alt=\"\" srcset=\"https:\/\/laurentberthelier.com\/wp-content\/uploads\/2017\/01\/30102016-DSC09511-1024x685.jpg 1024w, https:\/\/laurentberthelier.com\/wp-content\/uploads\/2017\/01\/30102016-DSC09511-300x201.jpg 300w, https:\/\/laurentberthelier.com\/wp-content\/uploads\/2017\/01\/30102016-DSC09511-768x514.jpg 768w, https:\/\/laurentberthelier.com\/wp-content\/uploads\/2017\/01\/30102016-DSC09511-1200x803.jpg 1200w, https:\/\/laurentberthelier.com\/wp-content\/uploads\/2017\/01\/30102016-DSC09511-600x402.jpg 600w\" sizes=\"auto, (max-width: 740px) 100vw, 740px\" \/><\/a>\n\t\t\t<\/div><\/figure><figure class='gallery-item'>\n\t\t\t<div class='gallery-icon landscape'>\n\t\t\t\t<a href='https:\/\/laurentberthelier.com\/wp-content\/uploads\/2017\/05\/28092016-DSC09442.jpg'><img loading=\"lazy\" decoding=\"async\" width=\"740\" height=\"495\" src=\"https:\/\/laurentberthelier.com\/wp-content\/uploads\/2017\/05\/28092016-DSC09442-1024x685.jpg\" class=\"attachment-large size-large\" alt=\"\" srcset=\"https:\/\/laurentberthelier.com\/wp-content\/uploads\/2017\/05\/28092016-DSC09442-1024x685.jpg 1024w, https:\/\/laurentberthelier.com\/wp-content\/uploads\/2017\/05\/28092016-DSC09442-300x201.jpg 300w, https:\/\/laurentberthelier.com\/wp-content\/uploads\/2017\/05\/28092016-DSC09442-768x514.jpg 768w, https:\/\/laurentberthelier.com\/wp-content\/uploads\/2017\/05\/28092016-DSC09442-1200x803.jpg 1200w, https:\/\/laurentberthelier.com\/wp-content\/uploads\/2017\/05\/28092016-DSC09442-600x402.jpg 600w\" sizes=\"auto, (max-width: 740px) 100vw, 740px\" \/><\/a>\n\t\t\t<\/div><\/figure><figure class='gallery-item'>\n\t\t\t<div class='gallery-icon landscape'>\n\t\t\t\t<a href='https:\/\/laurentberthelier.com\/wp-content\/uploads\/2017\/01\/P1030856.jpg'><img loading=\"lazy\" decoding=\"async\" width=\"740\" height=\"555\" src=\"https:\/\/laurentberthelier.com\/wp-content\/uploads\/2017\/01\/P1030856-1024x768.jpg\" class=\"attachment-large size-large\" alt=\"\" srcset=\"https:\/\/laurentberthelier.com\/wp-content\/uploads\/2017\/01\/P1030856-1024x768.jpg 1024w, https:\/\/laurentberthelier.com\/wp-content\/uploads\/2017\/01\/P1030856-300x225.jpg 300w, https:\/\/laurentberthelier.com\/wp-content\/uploads\/2017\/01\/P1030856-768x576.jpg 768w, https:\/\/laurentberthelier.com\/wp-content\/uploads\/2017\/01\/P1030856-1200x900.jpg 1200w, https:\/\/laurentberthelier.com\/wp-content\/uploads\/2017\/01\/P1030856-600x450.jpg 600w\" sizes=\"auto, (max-width: 740px) 100vw, 740px\" \/><\/a>\n\t\t\t<\/div><\/figure><figure class='gallery-item'>\n\t\t\t<div class='gallery-icon landscape'>\n\t\t\t\t<a href='https:\/\/laurentberthelier.com\/wp-content\/uploads\/2017\/01\/P1040423.jpg'><img loading=\"lazy\" decoding=\"async\" width=\"740\" height=\"555\" src=\"https:\/\/laurentberthelier.com\/wp-content\/uploads\/2017\/01\/P1040423-1024x768.jpg\" class=\"attachment-large size-large\" alt=\"\" srcset=\"https:\/\/laurentberthelier.com\/wp-content\/uploads\/2017\/01\/P1040423-1024x768.jpg 1024w, https:\/\/laurentberthelier.com\/wp-content\/uploads\/2017\/01\/P1040423-300x225.jpg 300w, https:\/\/laurentberthelier.com\/wp-content\/uploads\/2017\/01\/P1040423-768x576.jpg 768w, https:\/\/laurentberthelier.com\/wp-content\/uploads\/2017\/01\/P1040423-1200x900.jpg 1200w, https:\/\/laurentberthelier.com\/wp-content\/uploads\/2017\/01\/P1040423-600x450.jpg 600w\" sizes=\"auto, (max-width: 740px) 100vw, 740px\" \/><\/a>\n\t\t\t<\/div><\/figure><figure class='gallery-item'>\n\t\t\t<div class='gallery-icon portrait'>\n\t\t\t\t<a href='https:\/\/laurentberthelier.com\/wp-content\/uploads\/2017\/01\/P1050200.jpg'><img loading=\"lazy\" decoding=\"async\" width=\"740\" height=\"987\" src=\"https:\/\/laurentberthelier.com\/wp-content\/uploads\/2017\/01\/P1050200-768x1024.jpg\" class=\"attachment-large size-large\" alt=\"\" srcset=\"https:\/\/laurentberthelier.com\/wp-content\/uploads\/2017\/01\/P1050200-768x1024.jpg 768w, https:\/\/laurentberthelier.com\/wp-content\/uploads\/2017\/01\/P1050200-225x300.jpg 225w, https:\/\/laurentberthelier.com\/wp-content\/uploads\/2017\/01\/P1050200-1200x1600.jpg 1200w, https:\/\/laurentberthelier.com\/wp-content\/uploads\/2017\/01\/P1050200-600x800.jpg 600w\" sizes=\"auto, (max-width: 740px) 100vw, 740px\" \/><\/a>\n\t\t\t<\/div><\/figure><figure class='gallery-item'>\n\t\t\t<div class='gallery-icon landscape'>\n\t\t\t\t<a href='https:\/\/laurentberthelier.com\/wp-content\/uploads\/2017\/05\/28092016-DSC09435.jpg'><img loading=\"lazy\" decoding=\"async\" width=\"740\" height=\"495\" src=\"https:\/\/laurentberthelier.com\/wp-content\/uploads\/2017\/05\/28092016-DSC09435-1024x685.jpg\" class=\"attachment-large size-large\" alt=\"\" srcset=\"https:\/\/laurentberthelier.com\/wp-content\/uploads\/2017\/05\/28092016-DSC09435-1024x685.jpg 1024w, https:\/\/laurentberthelier.com\/wp-content\/uploads\/2017\/05\/28092016-DSC09435-300x201.jpg 300w, https:\/\/laurentberthelier.com\/wp-content\/uploads\/2017\/05\/28092016-DSC09435-768x514.jpg 768w, https:\/\/laurentberthelier.com\/wp-content\/uploads\/2017\/05\/28092016-DSC09435-1200x803.jpg 1200w, https:\/\/laurentberthelier.com\/wp-content\/uploads\/2017\/05\/28092016-DSC09435-600x402.jpg 600w\" sizes=\"auto, (max-width: 740px) 100vw, 740px\" \/><\/a>\n\t\t\t<\/div><\/figure><figure class='gallery-item'>\n\t\t\t<div class='gallery-icon landscape'>\n\t\t\t\t<a href='https:\/\/laurentberthelier.com\/wp-content\/uploads\/2017\/05\/28092016-DSC09378.jpg'><img loading=\"lazy\" decoding=\"async\" width=\"740\" height=\"495\" src=\"https:\/\/laurentberthelier.com\/wp-content\/uploads\/2017\/05\/28092016-DSC09378-1024x685.jpg\" class=\"attachment-large size-large\" alt=\"\" srcset=\"https:\/\/laurentberthelier.com\/wp-content\/uploads\/2017\/05\/28092016-DSC09378-1024x685.jpg 1024w, https:\/\/laurentberthelier.com\/wp-content\/uploads\/2017\/05\/28092016-DSC09378-300x201.jpg 300w, https:\/\/laurentberthelier.com\/wp-content\/uploads\/2017\/05\/28092016-DSC09378-768x514.jpg 768w, https:\/\/laurentberthelier.com\/wp-content\/uploads\/2017\/05\/28092016-DSC09378-1200x803.jpg 1200w, https:\/\/laurentberthelier.com\/wp-content\/uploads\/2017\/05\/28092016-DSC09378-600x402.jpg 600w\" sizes=\"auto, (max-width: 740px) 100vw, 740px\" \/><\/a>\n\t\t\t<\/div><\/figure><figure class='gallery-item'>\n\t\t\t<div class='gallery-icon landscape'>\n\t\t\t\t<a href='https:\/\/laurentberthelier.com\/wp-content\/uploads\/2017\/05\/30102016-DSC09478.jpg'><img loading=\"lazy\" decoding=\"async\" width=\"740\" height=\"495\" src=\"https:\/\/laurentberthelier.com\/wp-content\/uploads\/2017\/05\/30102016-DSC09478-1024x685.jpg\" class=\"attachment-large size-large\" alt=\"\" srcset=\"https:\/\/laurentberthelier.com\/wp-content\/uploads\/2017\/05\/30102016-DSC09478-1024x685.jpg 1024w, https:\/\/laurentberthelier.com\/wp-content\/uploads\/2017\/05\/30102016-DSC09478-300x201.jpg 300w, https:\/\/laurentberthelier.com\/wp-content\/uploads\/2017\/05\/30102016-DSC09478-768x514.jpg 768w, https:\/\/laurentberthelier.com\/wp-content\/uploads\/2017\/05\/30102016-DSC09478-1200x803.jpg 1200w, https:\/\/laurentberthelier.com\/wp-content\/uploads\/2017\/05\/30102016-DSC09478-600x402.jpg 600w\" sizes=\"auto, (max-width: 740px) 100vw, 740px\" \/><\/a>\n\t\t\t<\/div><\/figure>\n\t\t<\/div>\n\n<h2 style=\"text-align: right;\"><a href=\"https:\/\/laurentberthelier.com\/index.php\/jardin\/\">\u2190\u00a0Jardins<\/a><\/h2>\n","protected":false},"excerpt":{"rendered":"<p>Jardin Remarquable Cr\u00e9\u00e9 au 19\u00e8me si\u00e8cle, l&rsquo;arboretum de Neuvic a fait l&rsquo;objet d&rsquo;une restauration depuis 2006 visant \u00e0 renouer avec l&rsquo;esprit qui a pr\u00e9sid\u00e9 \u00e0 sa cr\u00e9ation. Il a fallu retrouver le dessin des all\u00e9es originelles, r\u00e9duire les erreurs de plantation du 20\u00e8me si\u00e8cle et planter avec la recherche curieuse du 19\u00e8me. \u2190\u00a0Jardins<\/p>\n","protected":false},"author":1,"featured_media":0,"parent":0,"menu_order":0,"comment_status":"closed","ping_status":"closed","template":"","meta":{"footnotes":""},"class_list":["post-147","page","type-page","status-publish","hentry"],"_links":{"self":[{"href":"https:\/\/laurentberthelier.com\/index.php\/wp-json\/wp\/v2\/pages\/147","targetHints":{"allow":["GET"]}}],"collection":[{"href":"https:\/\/laurentberthelier.com\/index.php\/wp-json\/wp\/v2\/pages"}],"about":[{"href":"https:\/\/laurentberthelier.com\/index.php\/wp-json\/wp\/v2\/types\/page"}],"author":[{"embeddable":true,"href":"https:\/\/laurentberthelier.com\/index.php\/wp-json\/wp\/v2\/users\/1"}],"replies":[{"embeddable":true,"href":"https:\/\/laurentberthelier.com\/index.php\/wp-json\/wp\/v2\/comments?post=147"}],"version-history":[{"count":10,"href":"https:\/\/laurentberthelier.com\/index.php\/wp-json\/wp\/v2\/pages\/147\/revisions"}],"predecessor-version":[{"id":408,"href":"https:\/\/laurentberthelier.com\/index.php\/wp-json\/wp\/v2\/pages\/147\/revisions\/408"}],"wp:attachment":[{"href":"https:\/\/laurentberthelier.com\/index.php\/wp-json\/wp\/v2\/media?parent=147"}],"curies":[{"name":"wp","href":"https:\/\/api.w.org\/{rel}","templated":true}]}}