{"id":145,"date":"2017-01-11T22:19:44","date_gmt":"2017-01-11T21:19:44","guid":{"rendered":"http:\/\/laurentberthelier.com\/?page_id=145"},"modified":"2019-10-11T20:52:59","modified_gmt":"2019-10-11T18:52:59","slug":"chateau-de-montecler","status":"publish","type":"page","link":"https:\/\/laurentberthelier.com\/index.php\/chateau-de-montecler\/","title":{"rendered":"Ch\u00e2teau de Montecler"},"content":{"rendered":"<p><em><strong>Monument Historique<\/strong><\/em><\/p>\n<p>Les alentours du ch\u00e2teau, vou\u00e9s \u00e0 l&rsquo;agriculture et \u00e0 l&rsquo;exploitation foresti\u00e8re, avaient perdu depuis longtemps leur vocation ornementale. Les propri\u00e9taires, apr\u00e8s avoir entrepris depuis quelques ann\u00e9es une importante restauration des b\u00e2timents, ont repris la main sur le paysage alentour pour cr\u00e9er ou re-cr\u00e9er parcs et jardins.<\/p>\n<div id='gallery-1' class='gallery galleryid-145 gallery-columns-2 gallery-size-large'><figure class='gallery-item'>\n\t\t\t<div class='gallery-icon landscape'>\n\t\t\t\t<a href='https:\/\/laurentberthelier.com\/wp-content\/uploads\/2017\/06\/P1050459.jpg'><img loading=\"lazy\" decoding=\"async\" width=\"740\" height=\"555\" src=\"https:\/\/laurentberthelier.com\/wp-content\/uploads\/2017\/06\/P1050459-1024x768.jpg\" class=\"attachment-large size-large\" alt=\"\" srcset=\"https:\/\/laurentberthelier.com\/wp-content\/uploads\/2017\/06\/P1050459-1024x768.jpg 1024w, https:\/\/laurentberthelier.com\/wp-content\/uploads\/2017\/06\/P1050459-300x225.jpg 300w, https:\/\/laurentberthelier.com\/wp-content\/uploads\/2017\/06\/P1050459-768x576.jpg 768w, https:\/\/laurentberthelier.com\/wp-content\/uploads\/2017\/06\/P1050459-1200x900.jpg 1200w, https:\/\/laurentberthelier.com\/wp-content\/uploads\/2017\/06\/P1050459-600x450.jpg 600w\" sizes=\"auto, (max-width: 740px) 100vw, 740px\" \/><\/a>\n\t\t\t<\/div><\/figure><figure class='gallery-item'>\n\t\t\t<div class='gallery-icon landscape'>\n\t\t\t\t<a href='https:\/\/laurentberthelier.com\/wp-content\/uploads\/2017\/01\/P1040582.jpg'><img loading=\"lazy\" decoding=\"async\" width=\"740\" height=\"555\" src=\"https:\/\/laurentberthelier.com\/wp-content\/uploads\/2017\/01\/P1040582-1024x768.jpg\" class=\"attachment-large size-large\" alt=\"\" srcset=\"https:\/\/laurentberthelier.com\/wp-content\/uploads\/2017\/01\/P1040582-1024x768.jpg 1024w, https:\/\/laurentberthelier.com\/wp-content\/uploads\/2017\/01\/P1040582-300x225.jpg 300w, https:\/\/laurentberthelier.com\/wp-content\/uploads\/2017\/01\/P1040582-768x576.jpg 768w, https:\/\/laurentberthelier.com\/wp-content\/uploads\/2017\/01\/P1040582-1200x900.jpg 1200w, https:\/\/laurentberthelier.com\/wp-content\/uploads\/2017\/01\/P1040582-600x450.jpg 600w\" sizes=\"auto, (max-width: 740px) 100vw, 740px\" \/><\/a>\n\t\t\t<\/div><\/figure><figure class='gallery-item'>\n\t\t\t<div class='gallery-icon landscape'>\n\t\t\t\t<a href='https:\/\/laurentberthelier.com\/wp-content\/uploads\/2017\/01\/P1040497.jpg'><img loading=\"lazy\" decoding=\"async\" width=\"740\" height=\"555\" src=\"https:\/\/laurentberthelier.com\/wp-content\/uploads\/2017\/01\/P1040497-1024x768.jpg\" class=\"attachment-large size-large\" alt=\"\" srcset=\"https:\/\/laurentberthelier.com\/wp-content\/uploads\/2017\/01\/P1040497-1024x768.jpg 1024w, https:\/\/laurentberthelier.com\/wp-content\/uploads\/2017\/01\/P1040497-300x225.jpg 300w, https:\/\/laurentberthelier.com\/wp-content\/uploads\/2017\/01\/P1040497-768x576.jpg 768w, https:\/\/laurentberthelier.com\/wp-content\/uploads\/2017\/01\/P1040497-1200x900.jpg 1200w, https:\/\/laurentberthelier.com\/wp-content\/uploads\/2017\/01\/P1040497-600x450.jpg 600w\" sizes=\"auto, (max-width: 740px) 100vw, 740px\" \/><\/a>\n\t\t\t<\/div><\/figure><figure class='gallery-item'>\n\t\t\t<div class='gallery-icon landscape'>\n\t\t\t\t<a href='https:\/\/laurentberthelier.com\/wp-content\/uploads\/2017\/06\/P1050481.jpg'><img loading=\"lazy\" decoding=\"async\" width=\"740\" height=\"555\" src=\"https:\/\/laurentberthelier.com\/wp-content\/uploads\/2017\/06\/P1050481-1024x768.jpg\" class=\"attachment-large size-large\" alt=\"\" srcset=\"https:\/\/laurentberthelier.com\/wp-content\/uploads\/2017\/06\/P1050481-1024x768.jpg 1024w, https:\/\/laurentberthelier.com\/wp-content\/uploads\/2017\/06\/P1050481-300x225.jpg 300w, https:\/\/laurentberthelier.com\/wp-content\/uploads\/2017\/06\/P1050481-768x576.jpg 768w, https:\/\/laurentberthelier.com\/wp-content\/uploads\/2017\/06\/P1050481-1200x900.jpg 1200w, https:\/\/laurentberthelier.com\/wp-content\/uploads\/2017\/06\/P1050481-600x450.jpg 600w\" sizes=\"auto, (max-width: 740px) 100vw, 740px\" \/><\/a>\n\t\t\t<\/div><\/figure><figure class='gallery-item'>\n\t\t\t<div class='gallery-icon landscape'>\n\t\t\t\t<a href='https:\/\/laurentberthelier.com\/wp-content\/uploads\/2017\/06\/P1050455.jpg'><img loading=\"lazy\" decoding=\"async\" width=\"740\" height=\"555\" src=\"https:\/\/laurentberthelier.com\/wp-content\/uploads\/2017\/06\/P1050455-1024x768.jpg\" class=\"attachment-large size-large\" alt=\"\" srcset=\"https:\/\/laurentberthelier.com\/wp-content\/uploads\/2017\/06\/P1050455-1024x768.jpg 1024w, https:\/\/laurentberthelier.com\/wp-content\/uploads\/2017\/06\/P1050455-300x225.jpg 300w, https:\/\/laurentberthelier.com\/wp-content\/uploads\/2017\/06\/P1050455-768x576.jpg 768w, https:\/\/laurentberthelier.com\/wp-content\/uploads\/2017\/06\/P1050455-1200x900.jpg 1200w, https:\/\/laurentberthelier.com\/wp-content\/uploads\/2017\/06\/P1050455-600x450.jpg 600w\" sizes=\"auto, (max-width: 740px) 100vw, 740px\" \/><\/a>\n\t\t\t<\/div><\/figure><figure class='gallery-item'>\n\t\t\t<div class='gallery-icon landscape'>\n\t\t\t\t<a href='https:\/\/laurentberthelier.com\/wp-content\/uploads\/2017\/06\/P1050482.jpg'><img loading=\"lazy\" decoding=\"async\" width=\"740\" height=\"555\" src=\"https:\/\/laurentberthelier.com\/wp-content\/uploads\/2017\/06\/P1050482-1024x768.jpg\" class=\"attachment-large size-large\" alt=\"\" srcset=\"https:\/\/laurentberthelier.com\/wp-content\/uploads\/2017\/06\/P1050482-1024x768.jpg 1024w, https:\/\/laurentberthelier.com\/wp-content\/uploads\/2017\/06\/P1050482-300x225.jpg 300w, https:\/\/laurentberthelier.com\/wp-content\/uploads\/2017\/06\/P1050482-768x576.jpg 768w, https:\/\/laurentberthelier.com\/wp-content\/uploads\/2017\/06\/P1050482-1200x900.jpg 1200w, https:\/\/laurentberthelier.com\/wp-content\/uploads\/2017\/06\/P1050482-600x450.jpg 600w\" sizes=\"auto, (max-width: 740px) 100vw, 740px\" \/><\/a>\n\t\t\t<\/div><\/figure>\n\t\t<\/div>\n\n<h2 style=\"text-align: right;\"><a href=\"https:\/\/laurentberthelier.com\/index.php\/jardin\/\">\u2190 Jardins<\/a><\/h2>\n","protected":false},"excerpt":{"rendered":"<p>Monument Historique Les alentours du ch\u00e2teau, vou\u00e9s \u00e0 l&rsquo;agriculture et \u00e0 l&rsquo;exploitation foresti\u00e8re, avaient perdu depuis longtemps leur vocation ornementale. Les propri\u00e9taires, apr\u00e8s avoir entrepris depuis quelques ann\u00e9es une importante restauration des b\u00e2timents, ont repris la main sur le paysage alentour pour cr\u00e9er ou re-cr\u00e9er parcs et jardins. \u2190 Jardins<\/p>\n","protected":false},"author":1,"featured_media":0,"parent":0,"menu_order":0,"comment_status":"closed","ping_status":"closed","template":"","meta":{"footnotes":""},"class_list":["post-145","page","type-page","status-publish","hentry"],"_links":{"self":[{"href":"https:\/\/laurentberthelier.com\/index.php\/wp-json\/wp\/v2\/pages\/145","targetHints":{"allow":["GET"]}}],"collection":[{"href":"https:\/\/laurentberthelier.com\/index.php\/wp-json\/wp\/v2\/pages"}],"about":[{"href":"https:\/\/laurentberthelier.com\/index.php\/wp-json\/wp\/v2\/types\/page"}],"author":[{"embeddable":true,"href":"https:\/\/laurentberthelier.com\/index.php\/wp-json\/wp\/v2\/users\/1"}],"replies":[{"embeddable":true,"href":"https:\/\/laurentberthelier.com\/index.php\/wp-json\/wp\/v2\/comments?post=145"}],"version-history":[{"count":11,"href":"https:\/\/laurentberthelier.com\/index.php\/wp-json\/wp\/v2\/pages\/145\/revisions"}],"predecessor-version":[{"id":587,"href":"https:\/\/laurentberthelier.com\/index.php\/wp-json\/wp\/v2\/pages\/145\/revisions\/587"}],"wp:attachment":[{"href":"https:\/\/laurentberthelier.com\/index.php\/wp-json\/wp\/v2\/media?parent=145"}],"curies":[{"name":"wp","href":"https:\/\/api.w.org\/{rel}","templated":true}]}}