{"id":143,"date":"2017-01-11T22:19:27","date_gmt":"2017-01-11T21:19:27","guid":{"rendered":"http:\/\/laurentberthelier.com\/?page_id=143"},"modified":"2021-10-06T10:32:36","modified_gmt":"2021-10-06T08:32:36","slug":"jardin-en-auvergne","status":"publish","type":"page","link":"https:\/\/laurentberthelier.com\/index.php\/jardin-en-auvergne\/","title":{"rendered":"Jardin en Auvergne"},"content":{"rendered":"<p><span style=\"font-family: Avenir Next;\">Un jardin de fleurs qui doit donner son meilleur en \u00e9t\u00e9. Et le reste de l&rsquo;ann\u00e9e? Une structure forte compos\u00e9e d&rsquo;ifs, de buis, et de gen\u00e9vriers d&rsquo;Irlande.<\/span><\/p>\n<div id='gallery-1' class='gallery galleryid-143 gallery-columns-2 gallery-size-large'><figure class='gallery-item'>\n\t\t\t<div class='gallery-icon landscape'>\n\t\t\t\t<a href='https:\/\/laurentberthelier.com\/wp-content\/uploads\/2017\/01\/P1040122.jpg'><img loading=\"lazy\" decoding=\"async\" width=\"740\" height=\"555\" src=\"https:\/\/laurentberthelier.com\/wp-content\/uploads\/2017\/01\/P1040122-1024x768.jpg\" class=\"attachment-large size-large\" alt=\"\" srcset=\"https:\/\/laurentberthelier.com\/wp-content\/uploads\/2017\/01\/P1040122-1024x768.jpg 1024w, https:\/\/laurentberthelier.com\/wp-content\/uploads\/2017\/01\/P1040122-300x225.jpg 300w, https:\/\/laurentberthelier.com\/wp-content\/uploads\/2017\/01\/P1040122-768x576.jpg 768w, https:\/\/laurentberthelier.com\/wp-content\/uploads\/2017\/01\/P1040122-1200x900.jpg 1200w, https:\/\/laurentberthelier.com\/wp-content\/uploads\/2017\/01\/P1040122-600x450.jpg 600w\" sizes=\"auto, (max-width: 740px) 100vw, 740px\" \/><\/a>\n\t\t\t<\/div><\/figure><figure class='gallery-item'>\n\t\t\t<div class='gallery-icon landscape'>\n\t\t\t\t<a href='https:\/\/laurentberthelier.com\/wp-content\/uploads\/2018\/07\/P1050582.jpg'><img loading=\"lazy\" decoding=\"async\" width=\"740\" height=\"555\" src=\"https:\/\/laurentberthelier.com\/wp-content\/uploads\/2018\/07\/P1050582-1024x768.jpg\" class=\"attachment-large size-large\" alt=\"\" srcset=\"https:\/\/laurentberthelier.com\/wp-content\/uploads\/2018\/07\/P1050582-1024x768.jpg 1024w, https:\/\/laurentberthelier.com\/wp-content\/uploads\/2018\/07\/P1050582-300x225.jpg 300w, https:\/\/laurentberthelier.com\/wp-content\/uploads\/2018\/07\/P1050582-768x576.jpg 768w, https:\/\/laurentberthelier.com\/wp-content\/uploads\/2018\/07\/P1050582-1200x900.jpg 1200w, https:\/\/laurentberthelier.com\/wp-content\/uploads\/2018\/07\/P1050582-600x450.jpg 600w\" sizes=\"auto, (max-width: 740px) 100vw, 740px\" \/><\/a>\n\t\t\t<\/div><\/figure><figure class='gallery-item'>\n\t\t\t<div class='gallery-icon landscape'>\n\t\t\t\t<a href='https:\/\/laurentberthelier.com\/wp-content\/uploads\/2017\/01\/P1040075.jpg'><img loading=\"lazy\" decoding=\"async\" width=\"740\" height=\"555\" src=\"https:\/\/laurentberthelier.com\/wp-content\/uploads\/2017\/01\/P1040075-1024x768.jpg\" class=\"attachment-large size-large\" alt=\"\" srcset=\"https:\/\/laurentberthelier.com\/wp-content\/uploads\/2017\/01\/P1040075-1024x768.jpg 1024w, https:\/\/laurentberthelier.com\/wp-content\/uploads\/2017\/01\/P1040075-300x225.jpg 300w, https:\/\/laurentberthelier.com\/wp-content\/uploads\/2017\/01\/P1040075-768x576.jpg 768w, https:\/\/laurentberthelier.com\/wp-content\/uploads\/2017\/01\/P1040075-1200x900.jpg 1200w, https:\/\/laurentberthelier.com\/wp-content\/uploads\/2017\/01\/P1040075-600x450.jpg 600w\" sizes=\"auto, (max-width: 740px) 100vw, 740px\" \/><\/a>\n\t\t\t<\/div><\/figure><figure class='gallery-item'>\n\t\t\t<div class='gallery-icon landscape'>\n\t\t\t\t<a href='https:\/\/laurentberthelier.com\/wp-content\/uploads\/2017\/01\/P1040135.jpg'><img loading=\"lazy\" decoding=\"async\" width=\"740\" height=\"555\" src=\"https:\/\/laurentberthelier.com\/wp-content\/uploads\/2017\/01\/P1040135-1024x768.jpg\" class=\"attachment-large size-large\" alt=\"\" srcset=\"https:\/\/laurentberthelier.com\/wp-content\/uploads\/2017\/01\/P1040135-1024x768.jpg 1024w, https:\/\/laurentberthelier.com\/wp-content\/uploads\/2017\/01\/P1040135-300x225.jpg 300w, https:\/\/laurentberthelier.com\/wp-content\/uploads\/2017\/01\/P1040135-768x576.jpg 768w, https:\/\/laurentberthelier.com\/wp-content\/uploads\/2017\/01\/P1040135-1200x900.jpg 1200w, https:\/\/laurentberthelier.com\/wp-content\/uploads\/2017\/01\/P1040135-600x450.jpg 600w\" sizes=\"auto, (max-width: 740px) 100vw, 740px\" \/><\/a>\n\t\t\t<\/div><\/figure><figure class='gallery-item'>\n\t\t\t<div class='gallery-icon landscape'>\n\t\t\t\t<a href='https:\/\/laurentberthelier.com\/wp-content\/uploads\/2018\/07\/P1050583.jpg'><img loading=\"lazy\" decoding=\"async\" width=\"740\" height=\"555\" src=\"https:\/\/laurentberthelier.com\/wp-content\/uploads\/2018\/07\/P1050583-1024x768.jpg\" class=\"attachment-large size-large\" alt=\"\" srcset=\"https:\/\/laurentberthelier.com\/wp-content\/uploads\/2018\/07\/P1050583-1024x768.jpg 1024w, https:\/\/laurentberthelier.com\/wp-content\/uploads\/2018\/07\/P1050583-300x225.jpg 300w, https:\/\/laurentberthelier.com\/wp-content\/uploads\/2018\/07\/P1050583-768x576.jpg 768w, https:\/\/laurentberthelier.com\/wp-content\/uploads\/2018\/07\/P1050583-1200x900.jpg 1200w, https:\/\/laurentberthelier.com\/wp-content\/uploads\/2018\/07\/P1050583-600x450.jpg 600w\" sizes=\"auto, (max-width: 740px) 100vw, 740px\" \/><\/a>\n\t\t\t<\/div><\/figure><figure class='gallery-item'>\n\t\t\t<div class='gallery-icon landscape'>\n\t\t\t\t<a href='https:\/\/laurentberthelier.com\/wp-content\/uploads\/2018\/07\/P1050589.jpg'><img loading=\"lazy\" decoding=\"async\" width=\"740\" height=\"555\" src=\"https:\/\/laurentberthelier.com\/wp-content\/uploads\/2018\/07\/P1050589-1024x768.jpg\" class=\"attachment-large size-large\" alt=\"\" srcset=\"https:\/\/laurentberthelier.com\/wp-content\/uploads\/2018\/07\/P1050589-1024x768.jpg 1024w, https:\/\/laurentberthelier.com\/wp-content\/uploads\/2018\/07\/P1050589-300x225.jpg 300w, https:\/\/laurentberthelier.com\/wp-content\/uploads\/2018\/07\/P1050589-768x576.jpg 768w, https:\/\/laurentberthelier.com\/wp-content\/uploads\/2018\/07\/P1050589-1200x900.jpg 1200w, https:\/\/laurentberthelier.com\/wp-content\/uploads\/2018\/07\/P1050589-600x450.jpg 600w\" sizes=\"auto, (max-width: 740px) 100vw, 740px\" \/><\/a>\n\t\t\t<\/div><\/figure><figure class='gallery-item'>\n\t\t\t<div class='gallery-icon landscape'>\n\t\t\t\t<a href='https:\/\/laurentberthelier.com\/wp-content\/uploads\/2017\/01\/P1050212.jpg'><img loading=\"lazy\" decoding=\"async\" width=\"740\" height=\"555\" src=\"https:\/\/laurentberthelier.com\/wp-content\/uploads\/2017\/01\/P1050212-1024x768.jpg\" class=\"attachment-large size-large\" alt=\"\" srcset=\"https:\/\/laurentberthelier.com\/wp-content\/uploads\/2017\/01\/P1050212-1024x768.jpg 1024w, https:\/\/laurentberthelier.com\/wp-content\/uploads\/2017\/01\/P1050212-300x225.jpg 300w, https:\/\/laurentberthelier.com\/wp-content\/uploads\/2017\/01\/P1050212-768x576.jpg 768w, https:\/\/laurentberthelier.com\/wp-content\/uploads\/2017\/01\/P1050212-1200x900.jpg 1200w, https:\/\/laurentberthelier.com\/wp-content\/uploads\/2017\/01\/P1050212-600x450.jpg 600w\" sizes=\"auto, (max-width: 740px) 100vw, 740px\" \/><\/a>\n\t\t\t<\/div><\/figure><figure class='gallery-item'>\n\t\t\t<div class='gallery-icon landscape'>\n\t\t\t\t<a href='https:\/\/laurentberthelier.com\/wp-content\/uploads\/2017\/01\/P1040137.jpg'><img loading=\"lazy\" decoding=\"async\" width=\"740\" height=\"555\" src=\"https:\/\/laurentberthelier.com\/wp-content\/uploads\/2017\/01\/P1040137-1024x768.jpg\" class=\"attachment-large size-large\" alt=\"\" srcset=\"https:\/\/laurentberthelier.com\/wp-content\/uploads\/2017\/01\/P1040137-1024x768.jpg 1024w, https:\/\/laurentberthelier.com\/wp-content\/uploads\/2017\/01\/P1040137-300x225.jpg 300w, https:\/\/laurentberthelier.com\/wp-content\/uploads\/2017\/01\/P1040137-768x576.jpg 768w, https:\/\/laurentberthelier.com\/wp-content\/uploads\/2017\/01\/P1040137-1200x900.jpg 1200w, https:\/\/laurentberthelier.com\/wp-content\/uploads\/2017\/01\/P1040137-600x450.jpg 600w\" sizes=\"auto, (max-width: 740px) 100vw, 740px\" \/><\/a>\n\t\t\t<\/div><\/figure>\n\t\t<\/div>\n\n<h2 style=\"text-align: right;\"><a href=\"https:\/\/laurentberthelier.com\/index.php\/jardin\/\">\u2190 Jardins<\/a><\/h2>\n","protected":false},"excerpt":{"rendered":"<p>Un jardin de fleurs qui doit donner son meilleur en \u00e9t\u00e9. Et le reste de l&rsquo;ann\u00e9e? Une structure forte compos\u00e9e d&rsquo;ifs, de buis, et de gen\u00e9vriers d&rsquo;Irlande. \u2190 Jardins<\/p>\n","protected":false},"author":1,"featured_media":0,"parent":0,"menu_order":0,"comment_status":"closed","ping_status":"closed","template":"","meta":{"footnotes":""},"class_list":["post-143","page","type-page","status-publish","hentry"],"_links":{"self":[{"href":"https:\/\/laurentberthelier.com\/index.php\/wp-json\/wp\/v2\/pages\/143","targetHints":{"allow":["GET"]}}],"collection":[{"href":"https:\/\/laurentberthelier.com\/index.php\/wp-json\/wp\/v2\/pages"}],"about":[{"href":"https:\/\/laurentberthelier.com\/index.php\/wp-json\/wp\/v2\/types\/page"}],"author":[{"embeddable":true,"href":"https:\/\/laurentberthelier.com\/index.php\/wp-json\/wp\/v2\/users\/1"}],"replies":[{"embeddable":true,"href":"https:\/\/laurentberthelier.com\/index.php\/wp-json\/wp\/v2\/comments?post=143"}],"version-history":[{"count":13,"href":"https:\/\/laurentberthelier.com\/index.php\/wp-json\/wp\/v2\/pages\/143\/revisions"}],"predecessor-version":[{"id":762,"href":"https:\/\/laurentberthelier.com\/index.php\/wp-json\/wp\/v2\/pages\/143\/revisions\/762"}],"wp:attachment":[{"href":"https:\/\/laurentberthelier.com\/index.php\/wp-json\/wp\/v2\/media?parent=143"}],"curies":[{"name":"wp","href":"https:\/\/api.w.org\/{rel}","templated":true}]}}